{"id":8474,"date":"2023-02-06T14:27:38","date_gmt":"2023-02-06T13:27:38","guid":{"rendered":"https:\/\/iniciokit.cotos.es\/?page_id=8474"},"modified":"2026-01-08T13:05:24","modified_gmt":"2026-01-08T12:05:24","slug":"politica-de-cookies","status":"publish","type":"page","link":"https:\/\/www.byangelaevents.com\/en\/politica-de-cookies\/","title":{"rendered":"Cookie Policy"},"content":{"rendered":"<div data-elementor-type=\"wp-page\" data-elementor-id=\"8474\" class=\"elementor elementor-8474\" data-elementor-settings=\"{&quot;ha_cmc_init_switcher&quot;:&quot;no&quot;}\">\n\t\t\t\t<div class=\"elementor-element elementor-element-8396f66 e-flex e-con-boxed e-con e-parent\" data-id=\"8396f66\" data-element_type=\"container\" data-e-type=\"container\" data-settings=\"{&quot;_ha_eqh_enable&quot;:false}\">\n\t\t\t\t\t<div class=\"e-con-inner\">\n\t\t\t\t<div class=\"elementor-element elementor-element-97614e9 elementor-widget elementor-widget-heading\" data-id=\"97614e9\" data-element_type=\"widget\" data-e-type=\"widget\" data-widget_type=\"heading.default\">\n\t\t\t\t<div class=\"elementor-widget-container\">\n\t\t\t\t\t<h3 class=\"elementor-heading-title elementor-size-default\">Cookie Policy<\/h3>\t\t\t\t<\/div>\n\t\t\t\t<\/div>\n\t\t\t\t<div class=\"elementor-element elementor-element-34e6fc4 elementor-widget elementor-widget-heading\" data-id=\"34e6fc4\" data-element_type=\"widget\" data-e-type=\"widget\" data-widget_type=\"heading.default\">\n\t\t\t\t<div class=\"elementor-widget-container\">\n\t\t\t\t\t<h2 class=\"elementor-heading-title elementor-size-default\">https:\/\/www.byangelaevents.com\/<\/h2>\t\t\t\t<\/div>\n\t\t\t\t<\/div>\n\t\t\t\t<div class=\"elementor-element elementor-element-01cfc94 elementor-widget elementor-widget-text-editor\" data-id=\"01cfc94\" data-element_type=\"widget\" data-e-type=\"widget\" data-widget_type=\"text-editor.default\">\n\t\t\t\t<div class=\"elementor-widget-container\">\n\t\t\t\t\t\t\t\t\t<p>Access to this Website may involve the use of cookies. Cookies are small amounts of information that are stored in the browser used by each User\u2014on the different devices they may use to browse\u2014so that the server remembers certain information that will later be read only by the server that implemented it. Cookies facilitate browsing, make it more user-friendly, and do not damage the browsing device.<\/p><p>Cookies are automatic procedures for collecting information relating to the preferences determined by the User during their visit to the Website in order to recognize them as a User and personalize their experience and use of the Website. They can also, for example, help to identify and resolve errors.<\/p><p>The information collected through cookies may include the date and time of visits to the Website, the pages viewed, the time spent on the Website, and the sites visited just before and after it. However, no cookie allows it to contact the User's telephone number or any other means of personal contact. No cookie can extract information from the User's hard drive or steal personal information. The only way for the User's private information to become part of the Cookie file is for the user to personally provide that information to the server.<\/p><p>Cookies that enable the identification of a person are considered personal data. Therefore, the Privacy Policy described above shall apply to them. In this regard, the User's consent shall be required for their use. This consent shall be communicated, based on a genuine choice, offered through an affirmative and positive decision, prior to initial processing, removable, and documented.<\/p><div class=\"\"><h4>First-party cookies<\/h4><p>These are cookies that are sent to the User's computer or device and managed exclusively by\u00a0<span class=\"blanc-space ng-binding\">Events By Angela<\/span>\u00a0for the best functioning of the Website. The information collected is used to improve the quality of the Website and its Content and your experience as a User. These cookies allow us to recognize you as a returning visitor to the Website and tailor the content to offer you content that suits your preferences.<\/p><\/div><div class=\"\"><h4>Social media cookies<\/h4><p><span class=\"blanc-space ng-binding\">Events By Angela<\/span>\u00a0incorporates social media plugins, which allow access to social media from the Website. For this reason, social media cookies may be stored in the User's browser. The owners of these social media networks have their own data protection and cookie policies, and are themselves responsible in each case for their own files and their own privacy practices. The User should refer to these policies for information about these cookies and, where applicable, the processing of their personal data. For information purposes only, the links where these privacy and\/or cookie policies can be consulted are indicated below:<\/p><ul><li>Facebook:\u00a0<a class=\"text-info\" href=\"https:\/\/www.facebook.com\/policies\/cookies\/\">https:\/\/www.facebook.com\/policies\/cookies\/<\/a><\/li><li>Twitter:\u00a0<a class=\"text-info\" href=\"https:\/\/twitter.com\/es\/privacy\">https:\/\/twitter.com\/es\/privacy<\/a><\/li><li>Instagram:\u00a0<a class=\"text-info\" href=\"https:\/\/help.instagram.com\/1896641480634370?ref=ig\">https:\/\/help.instagram.com\/1896641480634370?ref=ig<\/a><\/li><li>YouTube:\u00a0<a class=\"text-info\" href=\"https:\/\/policies.google.com\/privacy?hl=es-419&amp;gl=mx\">https:\/\/policies.google.com\/privacy?hl=es-419&amp;gl=mx<\/a><\/li><li>Pinterest:\u00a0<a class=\"text-info\" href=\"https:\/\/policy.pinterest.com\/es\/privacy-policy\">https:\/\/policy.pinterest.com\/es\/privacy-policy<\/a><\/li><li>LinkedIn:\u00a0<a class=\"text-info\" href=\"https:\/\/www.linkedin.com\/legal\/cookie-policy?trk=hp-cookies\">https:\/\/www.linkedin.com\/legal\/cookie-policy?trk=hp-cookies<\/a><\/li><\/ul><\/div><h4>Disable, reject, and delete cookies<\/h4><p>Users can disable, reject, and delete cookies\u2014either totally or partially\u2014installed on their device by configuring their browser settings (including, for example, Chrome, Firefox, Safari, Explorer). In this regard, the procedures for rejecting and deleting cookies may differ from one Internet browser to another. Consequently, Users should refer to the instructions provided by the Internet browser they are using. If you reject the use of cookies, either totally or partially, you may continue to use the Website, although the use of some of its features may be limited.<\/p><p>\u00a0<\/p>\t\t\t\t\t\t\t\t<\/div>\n\t\t\t\t<\/div>\n\t\t\t\t\t<\/div>\n\t\t\t\t<\/div>\n\t\t\t\t<\/div>","protected":false},"excerpt":{"rendered":"<p>Pol\u00edtica de Cookies https:\/\/www.byangelaevents.com\/ El acceso a este Sitio Web puede implicar la utilizaci\u00f3n de cookies. Las cookies son peque\u00f1as cantidades de informaci\u00f3n que se almacenan en el navegador utilizado por cada Usuario \u2014en los distintos dispositivos que pueda utilizar para navegar\u2014 para que el servidor recuerde cierta informaci\u00f3n que posteriormente y \u00fanicamente el servidor [&hellip;]<\/p>","protected":false},"author":1,"featured_media":0,"parent":0,"menu_order":0,"comment_status":"closed","ping_status":"closed","template":"","meta":{"footnotes":""},"class_list":["post-8474","page","type-page","status-publish","hentry"],"aioseo_notices":[],"_links":{"self":[{"href":"https:\/\/www.byangelaevents.com\/en\/wp-json\/wp\/v2\/pages\/8474","targetHints":{"allow":["GET"]}}],"collection":[{"href":"https:\/\/www.byangelaevents.com\/en\/wp-json\/wp\/v2\/pages"}],"about":[{"href":"https:\/\/www.byangelaevents.com\/en\/wp-json\/wp\/v2\/types\/page"}],"author":[{"embeddable":true,"href":"https:\/\/www.byangelaevents.com\/en\/wp-json\/wp\/v2\/users\/1"}],"replies":[{"embeddable":true,"href":"https:\/\/www.byangelaevents.com\/en\/wp-json\/wp\/v2\/comments?post=8474"}],"version-history":[{"count":4,"href":"https:\/\/www.byangelaevents.com\/en\/wp-json\/wp\/v2\/pages\/8474\/revisions"}],"predecessor-version":[{"id":9919,"href":"https:\/\/www.byangelaevents.com\/en\/wp-json\/wp\/v2\/pages\/8474\/revisions\/9919"}],"wp:attachment":[{"href":"https:\/\/www.byangelaevents.com\/en\/wp-json\/wp\/v2\/media?parent=8474"}],"curies":[{"name":"wp","href":"https:\/\/api.w.org\/{rel}","templated":true}]}}