{"id":8470,"date":"2023-02-06T14:27:15","date_gmt":"2023-02-06T13:27:15","guid":{"rendered":"https:\/\/iniciokit.cotos.es\/?page_id=8470"},"modified":"2026-02-04T09:28:06","modified_gmt":"2026-02-04T08:28:06","slug":"aviso-legal","status":"publish","type":"page","link":"https:\/\/www.byangelaevents.com\/en\/aviso-legal\/","title":{"rendered":"Legal Notice"},"content":{"rendered":"<div data-elementor-type=\"wp-page\" data-elementor-id=\"8470\" class=\"elementor elementor-8470\" data-elementor-settings=\"{&quot;ha_cmc_init_switcher&quot;:&quot;no&quot;}\">\n\t\t\t\t<div class=\"elementor-element elementor-element-1f4b8a0 e-flex e-con-boxed e-con e-parent\" data-id=\"1f4b8a0\" data-element_type=\"container\" data-e-type=\"container\" data-settings=\"{&quot;_ha_eqh_enable&quot;:false}\">\n\t\t\t\t\t<div class=\"e-con-inner\">\n\t\t\t\t<div class=\"elementor-element elementor-element-647d60e elementor-widget elementor-widget-heading\" data-id=\"647d60e\" data-element_type=\"widget\" data-e-type=\"widget\" data-widget_type=\"heading.default\">\n\t\t\t\t<div class=\"elementor-widget-container\">\n\t\t\t\t\t<h3 class=\"elementor-heading-title elementor-size-default\">Legal Notice and General Terms of Use<\/h3>\t\t\t\t<\/div>\n\t\t\t\t<\/div>\n\t\t\t\t<div class=\"elementor-element elementor-element-65c7d79 elementor-widget elementor-widget-heading\" data-id=\"65c7d79\" data-element_type=\"widget\" data-e-type=\"widget\" data-widget_type=\"heading.default\">\n\t\t\t\t<div class=\"elementor-widget-container\">\n\t\t\t\t\t<h2 class=\"elementor-heading-title elementor-size-default\">https:\/\/www.byangelaevents.com\/<\/h2>\t\t\t\t<\/div>\n\t\t\t\t<\/div>\n\t\t\t\t<div class=\"elementor-element elementor-element-4f792b2 elementor-widget elementor-widget-text-editor\" data-id=\"4f792b2\" data-element_type=\"widget\" data-e-type=\"widget\" data-widget_type=\"text-editor.default\">\n\t\t\t\t<div class=\"elementor-widget-container\">\n\t\t\t\t\t\t\t\t\t<h3>I. GENERAL INFORMATION<\/h3><p>In compliance with the information obligations established in Law 34\/2002 on Information Society Services and Electronic Commerce (LSSI-CE) of 11 July, the following general information about this website is provided:<\/p><p>The ownership of this website,\u00a0<span class=\"blanc-space ng-binding\">https:\/\/www.byangelaevents.com\/<\/span>(hereinafter, the Website) is held by:\u00a0<span class=\"blanc-space ng-binding\">\u00c1ngela Jim\u00e9nez Ib\u00e1\u00f1ez<\/span>, NIF:\u00a0<span class=\"blanc-space ng-binding\">01936653F<\/span>, and whose contact details are:<\/p><p>Address:\u00a0<span class=\"blanc-space ng-binding\">Quesada 11, 28010 Madrid<\/span><\/p><p>Contact Phone:\u00a0<span class=\"blanc-space ng-binding\">686713850<\/span><\/p><p>Contact Email:\u00a0<span class=\"blanc-space ng-binding\">angela.jimenez@byangelaevents.com<\/span><\/p><h3>II. GENERAL TERMS AND CONDITIONS OF USE<\/h3><h4>Purpose of the Terms: The Website<\/h4><p>The purpose of these General Terms and Conditions of Use (hereinafter, Terms) is to regulate access to and use of the Website. For the purposes of these Terms, the Website is understood to include: the external appearance of the screen interfaces, both in static and dynamic form, that is, the navigation structure; all elements integrated into both the screen interfaces and the navigation structure (hereinafter, Content); and all online services or resources that it may offer to Users (hereinafter, Services).<\/p><p><span class=\"blanc-space ng-binding\">Events by \u00c1ngela<\/span>\u00a0reserves the right to modify, at any time and without prior notice, the presentation and configuration of the Website, as well as the Content and Services that may be incorporated into it. The User acknowledges and agrees that at any time\u00a0<span class=\"blanc-space ng-binding\">Events by \u00c1ngela<\/span>\u00a0Angela may suspend, disable, and\/or cancel any of these elements integrated into the Website or access to them.<\/p><p>Access to the Website by the User is free and generally does not require any payment, except for the cost of connection through the telecommunications network provided by the access provider contracted by the User.<\/p><p>The use of certain Content or Services on the Website may require the User to subscribe or register beforehand.<\/p><h4>The User<\/h4><p>Access to, navigation of, and use of the Website, as well as the spaces enabled for interaction between Users, and between the User and\u00a0<span class=\"blanc-space ng-binding\">Events by \u00c1ngela<\/span>such as comments and\/or blogging spaces, grants the status of User, and by doing so, from the moment they begin navigating the Website, they accept all the Terms set forth herein, as well as any subsequent modifications, without prejudice to the application of the corresponding mandatory legal regulations as applicable. Given the importance of the above, it is recommended that the User read them each time they visit the Website.<\/p><p>The Website of\u00a0<span class=\"blanc-space ng-binding\">Events by \u00c1ngela<\/span>\u00a0provides a wide range of information, services, and data. The User assumes responsibility for using the Website correctly. This responsibility extends to:<\/p><ul><li>The use of the information, Content, and\/or Services and data provided by\u00a0<span class=\"blanc-space ng-binding\">Events by \u00c1ngela<\/span>\u00a0in a manner that does not contravene these Terms, the Law, public morals, or public order, and that does not, in any way, infringe the rights of third parties or the proper functioning of the Website.<\/li><li>The accuracy and lawfulness of the information provided by the User in the forms provided by\u00a0<span class=\"blanc-space ng-binding\">Events by \u00c1ngela<\/span>\u00a0para el acceso a ciertos Contenidos o Servicios ofrecidos por el Sitio Web. En todo caso, el Usuario notificar\u00e1 de forma inmediata a\u00a0<span class=\"blanc-space ng-binding\">Events by \u00c1ngela<\/span>\u00a0regarding any fact that could allow the misuse of the information entered in such forms, such as, but not limited to, theft, loss, or unauthorized access to identifiers and\/or passwords, with the aim of proceeding to their immediate cancellation.<\/li><\/ul><p><span class=\"blanc-space ng-binding\">Events by \u00c1ngela<\/span>\u00a0reserves the right to remove any comments or contributions that violate the law, disrespect human dignity, are discriminatory, xenophobic, racist, pornographic, spam, harmful to youth or children, disruptive to public order or safety, or that, in its judgment, are not suitable for publication.<\/p><p>Anyways,\u00a0<span class=\"blanc-space ng-binding\">Events by \u00c1ngela<\/span>\u00a0will not be responsible for the opinions expressed by Users through comments or other blogging or participation tools that may be available.<\/p><p>Mere access to this Website does not establish any type of commercial relationship between\u00a0<span class=\"blanc-space ng-binding\">Events by \u00c1ngela<\/span>\u00a0and the User.<\/p><p>The User declares that they are of legal age and have sufficient legal capacity to be bound by these Terms. Therefore, this Website of\u00a0<span class=\"blanc-space ng-binding\">Events by \u00c1ngela<\/span>\u00a0is not intended for minors.\u00a0<span class=\"blanc-space ng-binding\">Events by \u00c1ngela<\/span>\u00a0declines any responsibility for failure to comply with this requirement.<\/p><h3>III. ACCESS AND NAVIGATION ON THE WEBSITE: DISCLAIMER OF WARRANTIES AND LIABILITY<\/h3><p><span class=\"blanc-space ng-binding\">Events by \u00c1ngela<\/span>\u00a0does not guarantee the continuity, availability, or usefulness of the Website, nor of its Content or Services.\u00a0<span class=\"blanc-space ng-binding\">Events by \u00c1ngela<\/span>\u00a0will make every effort to ensure the proper functioning of the Website; however, it does not assume responsibility nor guarantee that access to the Website will be uninterrupted or error-free.<\/p><p>It also does not assume responsibility nor guarantee that the content or software accessible through this Website is free of errors or will not cause damage to the User\u2019s computer system (software or hardware). In no case\u00a0<span class=\"blanc-space ng-binding\">Events by \u00c1ngela<\/span>\u00a0will it be responsible for any losses, damages, or harm of any kind arising from access to, navigation of, or use of the Website, including, but not limited to, those caused to computer systems or resulting from the introduction of viruses.<\/p><p><span class=\"blanc-space ng-binding\">Events by \u00c1ngela<\/span>\u00a0is also not responsible for any damages that may be caused to Users due to improper use of this Website. In particular, it assumes no responsibility whatsoever for outages, interruptions, or deficiencies in telecommunications that may occur.<\/p><h3>IV. LINK POLICY<\/h3><p>It is hereby informed that the Website of\u00a0<span class=\"blanc-space ng-binding\">Events by \u00c1ngela<\/span>\u00a0makes or may make available to Users linking tools (such as, among others, links, banners, buttons), directories, and search engines that allow Users to access websites owned and\/or managed by third parties.<\/p><p>The inclusion of these links, directories, and search engines on the Website is intended to facilitate Users\u2019 search for and access to information available on the Internet, and should not be considered a suggestion, recommendation, or invitation to visit them.<\/p><p><span class=\"blanc-space ng-binding\">Events by \u00c1ngela<\/span>\u00a0does not offer or sell, either directly or through third parties, the products and\/or services available on such linked sites.<\/p><p>Likewise, it does not guarantee the technical availability, accuracy, truthfulness, validity, or legality of third-party sites to which access is provided through the links.<\/p><p><span class=\"blanc-space ng-binding\">Events by \u00c1ngela<\/span>\u00a0will under no circumstances review or control the content of other websites, nor does it endorse, examine, or adopt as its own the products and services, content, files, or any other material found on the linked sites.<\/p><p><span class=\"blanc-space ng-binding\">Events by \u00c1ngela<\/span>\u00a0assumes no responsibility for any damages that may arise from the access, use, quality, or legality of the content, communications, opinions, products, and services of websites not managed by\u00a0<span class=\"blanc-space ng-binding\">Events by \u00c1ngela<\/span>\u00a0and that they are linked to this Website.<\/p><p>The User or third party who creates a hyperlink from a web page on another, different website to the Website of\u00a0<span class=\"blanc-space ng-binding\">Events by \u00c1ngela<\/span>\u00a0should know that:<\/p><p>No part of the Content and\/or Services of the Website may be reproduced, in whole or in part, without the express authorization of\u00a0<span class=\"blanc-space ng-binding\">Events by \u00c1ngela<\/span>.<\/p><p>No false, inaccurate, or incorrect statements are permited about\u00a0<span class=\"blanc-space ng-binding\">Events by \u00c1ngela<\/span>, nor on the Content and\/or Services thereof.<\/p><p>With the exception of the hyperlink, the website on which said hyperlink is established shall not contain any element of this Website that is protected as intellectual property by Spanish law, unless expressly authorized by\u00a0<span class=\"blanc-space ng-binding\">Events by \u00c1ngela<\/span>.<\/p><p>The establishment of the hyperlink shall not imply the existence of relations between\u00a0<span class=\"blanc-space ng-binding\">Events by \u00c1ngela<\/span>\u00a0and the owner of the website from which it is made, nor the knowledge and acceptance of\u00a0<span class=\"blanc-space ng-binding\">Events by \u00c1ngela<\/span>\u00a0of the content, services, and\/or activities offered on said website, and vice versa.<\/p><h3>V. INTELLECTUAL AND INDUSTRIAL PROPERTY<\/h3><p><span class=\"blanc-space ng-binding\">Events by \u00c1ngela<\/span>\u00a0either itself or as an assignee, is the owner of all intellectual and industrial property rights of the Website, as well as the elements contained therein (including, but not limited to, images, sound, audio, video, software or texts, trademarks or logos, color combinations, structure and design, selection of materials used, computer programs necessary for its operation, access and use, etc.). They will therefore be works protected as intellectual property by the Spanish legal system, with both Spanish and EU regulations in this field being applicable, as well as international treaties relating to the subject matter and signed by Spain.<\/p><p>All rights reserved. Pursuant to the provisions of the Intellectual Property Law, the reproduction, distribution, and public communication, including making available, of all or part of the contents of this website for commercial purposes, in any medium and by any technical means, without the authorization of\u00a0<span class=\"blanc-space ng-binding\">Events by \u00c1ngela<\/span>.<\/p><p>The User agrees to respect the intellectual and industrial property rights of\u00a0<span class=\"blanc-space ng-binding\">Events by \u00c1ngela<\/span>You may view the elements of the Website or even print, copy, and store them on your computer's hard drive or on any other physical medium, provided that it is exclusively for your personal use. However, you may not delete, alter, or manipulate any protection device or security system installed on the Website.<\/p><p>In the event that the User or third party considers that any of the Content on the Website constitutes a violation of intellectual property rights, they must immediately notify\u00a0<span class=\"blanc-space ng-binding\">Events by \u00c1ngela<\/span>\u00a0through the contact details in the GENERAL INFORMATION section of this Legal Notice and General Terms and Conditions of Use.<\/p><h3>VI. LEGAL ACTIONS, APPLICABLE LAW, AND JURISDICTION<\/h3><p><span class=\"blanc-space ng-binding\">Events by \u00c1ngela<\/span>\u00a0reserves the right to bring any civil or criminal actions it deems necessary for the improper use of the Website and Content, or for breach of these Terms and Conditions.<\/p><p>The relationship between the User and\u00a0<span class=\"blanc-space ng-binding\">Events by \u00c1ngela<\/span>\u00a0shall be governed by the regulations in force and applicable in Spain. Should any dispute arise in relation to the interpretation and\/or application of these Conditions, the parties shall submit their disputes to the ordinary courts, submitting to the judges and courts that correspond in accordance with the law.<\/p>\t\t\t\t\t\t\t\t<\/div>\n\t\t\t\t<\/div>\n\t\t\t\t\t<\/div>\n\t\t\t\t<\/div>\n\t\t\t\t<\/div>","protected":false},"excerpt":{"rendered":"<p>Aviso legal y condiciones generales de uso https:\/\/www.byangelaevents.com\/ I. INFORMACI\u00d3N GENERAL En cumplimiento con el deber de informaci\u00f3n dispuesto en la Ley 34\/2002 de Servicios de la Sociedad de la Informaci\u00f3n y el Comercio Electr\u00f3nico (LSSI-CE) de 11 de julio, se facilitan a continuaci\u00f3n los siguientes datos de informaci\u00f3n general de este sitio web: La [&hellip;]<\/p>","protected":false},"author":1,"featured_media":0,"parent":0,"menu_order":0,"comment_status":"closed","ping_status":"closed","template":"","meta":{"footnotes":""},"class_list":["post-8470","page","type-page","status-publish","hentry"],"aioseo_notices":[],"_links":{"self":[{"href":"https:\/\/www.byangelaevents.com\/en\/wp-json\/wp\/v2\/pages\/8470","targetHints":{"allow":["GET"]}}],"collection":[{"href":"https:\/\/www.byangelaevents.com\/en\/wp-json\/wp\/v2\/pages"}],"about":[{"href":"https:\/\/www.byangelaevents.com\/en\/wp-json\/wp\/v2\/types\/page"}],"author":[{"embeddable":true,"href":"https:\/\/www.byangelaevents.com\/en\/wp-json\/wp\/v2\/users\/1"}],"replies":[{"embeddable":true,"href":"https:\/\/www.byangelaevents.com\/en\/wp-json\/wp\/v2\/comments?post=8470"}],"version-history":[{"count":22,"href":"https:\/\/www.byangelaevents.com\/en\/wp-json\/wp\/v2\/pages\/8470\/revisions"}],"predecessor-version":[{"id":10179,"href":"https:\/\/www.byangelaevents.com\/en\/wp-json\/wp\/v2\/pages\/8470\/revisions\/10179"}],"wp:attachment":[{"href":"https:\/\/www.byangelaevents.com\/en\/wp-json\/wp\/v2\/media?parent=8470"}],"curies":[{"name":"wp","href":"https:\/\/api.w.org\/{rel}","templated":true}]}}